{"id":91378,"date":"2023-05-16T09:04:16","date_gmt":"2023-05-16T07:04:16","guid":{"rendered":"https:\/\/www.fabrykachlodu.pl\/sklep\/?post_type=product&#038;p=91378"},"modified":"2023-05-16T09:04:27","modified_gmt":"2023-05-16T07:04:27","slug":"dla-polaczen-31-wszystkie-wielkosci-sku-cz-p3hpc2bm","status":"publish","type":"product","link":"https:\/\/www.fabrykachlodu.pl\/sklep\/produkt\/dla-polaczen-31-wszystkie-wielkosci-sku-cz-p3hpc2bm\/","title":{"rendered":"Dla po\u0142\u0105cze\u0144 3:1 (wszystkie wielko\u015bci) SKU CZ-P3HPC2BM"},"content":{"rendered":"<br \/>\n<h2>Zam\u00f3wienie dotyczy:  Dla po\u0142\u0105cze\u0144 3:1 (wszystkie wielko\u015bci) SKU CZ-P3HPC2BMOpis Dla po\u0142\u0105cze\u0144 3:1 (wszystkie wielko\u015bci) Cena katalogowa PLN 494   <\/h2>\n<p><h3><strong>W jednym miejscu poznasz:<\/strong><\/h3>\n<p> Najwa\u017cniejsze funkcje<br \/> Por\u00f3wnasz produkty<br \/> Poznasz parametry techniczne<br \/> Poznasz cen\u0119 i zrealizujesz zam\u00f3wienie<br \/> Otrzymasz ofert\u0119 zakupu ratalnego lub leasingu<br \/><strong><\/p>\n<h3>Czy wiesz, \u017ce:<\/strong><\/h3>\n<p>0<strong><\/p>\n<h3>Zlecaj\u0105c nam monta\u017c otrzymasz:<\/strong><\/h3>\n<p>  Dla po\u0142\u0105cze\u0144 3:1 (wszystkie wielko\u015bci) SKU CZ-P3HPC2BM z rabatem kupuj\u0105c w naszym sklepie online lub wybieraj\u0105c monta\u017c <br \/> Gwarancje <br \/> Kompletne pod\u0142\u0105czenie elektryczne oraz hydrauliczne<br \/> Dla po\u0142\u0105cze\u0144 3:1 (wszystkie wielko\u015bci) SKU CZ-P3HPC2BM z rabatem kupuj\u0105c w naszym sklepie online lub wybieraj\u0105c monta\u017c <br \/> Gwarancje <br \/> Kompletne pod\u0142\u0105czenie elektryczne oraz hydrauliczne<br \/>0Tr\u00f3jniki dla PACi symultaniczny to elementy stosowane w systemach klimatyzacji serii PACi firmy Panasonic.<\/p>\n<p>PACi to zaawansowany system klimatyzacji komercyjnej, kt\u00f3ry umo\u017cliwia jednoczesne ch\u0142odzenie i ogrzewanie pomieszcze\u0144. W przypadku systemu PACi symultanicznego, tr\u00f3jniki odnosz\u0105 si\u0119 do specjalnych adapter\u00f3w lub po\u0142\u0105cze\u0144, kt\u00f3re umo\u017cliwiaj\u0105 r\u00f3wnoczesne pod\u0142\u0105czenie jednostek wewn\u0119trznych do jednego zewn\u0119trznego agregatu.<\/p>\n<p>Tr\u00f3jniki dla PACi symultanicznego s\u0105 wykorzystywane w celu rozdzielenia przep\u0142ywu czynnika ch\u0142odniczego pomi\u0119dzy poszczeg\u00f3lnymi jednostkami wewn\u0119trznymi pod\u0142\u0105czonymi do systemu. Pozwala to na niezale\u017cne sterowanie ka\u017cd\u0105 jednostk\u0105 wewn\u0119trzn\u0105, zapewniaj\u0105c komfortow\u0105 temperatur\u0119 w r\u00f3\u017cnych pomieszczeniach jednocze\u015bnie.<\/p>\n<p>W skr\u00f3cie, tr\u00f3jniki dla PACi symultanicznego s\u0105 u\u017cywane w systemach klimatyzacji, aby umo\u017cliwi\u0107 jednoczesne dzia\u0142anie kilku jednostek wewn\u0119trznych pod\u0142\u0105czonych do jednego zewn\u0119trznego agregatu, zapewniaj\u0105c r\u00f3wnoczesne ch\u0142odzenie i ogrzewanie w r\u00f3\u017cnych pomieszczeniach<\/p>\n","protected":false},"excerpt":{"rendered":"<p><span style=\"color: #000000;\"><strong>Najwa\u017cniejsze zalety<\/strong><\/span>[dt_list style=\"1\" bullet_position=\"middle\" dividers=\"true\"][dt_list style=\"1\" bullet_position=\"middle\" dividers=\"true\"][dt_list_item image=\"\"]Tr\u00f3jniki dla PACi symultaniczny to elementy stosowane w systemach klimatyzacji serii PACi firmy Panasonic.[\/dt_list_item][dt_list_item image=\"\"]Tr\u00f3jniki odnosz\u0105 si\u0119 do specjalnych adapter\u00f3w lub po\u0142\u0105cze\u0144, kt\u00f3re umo\u017cliwiaj\u0105 r\u00f3wnoczesne pod\u0142\u0105czenie jednostek wewn\u0119trznych do jednego zewn\u0119trznego agregatu.[\/dt_list_item][dt_list_item image=\"\"]Tr\u00f3jniki dla PACi symultanicznego s\u0105 u\u017cywane w systemach klimatyzacji, aby umo\u017cliwi\u0107 jednoczesne dzia\u0142anie kilku jednostek wewn\u0119trznych pod\u0142\u0105czonych do jednego zewn\u0119trznego agregatu, zapewniaj\u0105c r\u00f3wnoczesne ch\u0142odzenie i ogrzewanie w r\u00f3\u017cnych pomieszczeniach[\/dt_list_item][dt_list_item image=\"\"] Cz\u0119\u015bci zamienne, akcesoria[\/dt_list_item][\/dt_list]<\/p>\n","protected":false},"featured_media":89915,"template":"","meta":[],"product_cat":[7307,401,189],"product_tag":[5320,6387],"yoast_head":"<!-- This site is optimized with the Yoast SEO plugin v22.1 - https:\/\/yoast.com\/wordpress\/plugins\/seo\/ -->\n<title>Dla po\u0142\u0105cze\u0144 3:1 (wszystkie wielko\u015bci) SKU CZ-P3HPC2BM<\/title>\n<meta name=\"description\" content=\"Dla po\u0142\u0105cze\u0144 3:1 (wszystkie wielko\u015bci) SKU CZ-P3HPC2BM\" \/>\n<meta name=\"robots\" content=\"index, follow, max-snippet:-1, max-image-preview:large, max-video-preview:-1\" \/>\n<link rel=\"canonical\" href=\"https:\/\/www.fabrykachlodu.pl\/sklep\/produkt\/dla-polaczen-31-wszystkie-wielkosci-sku-cz-p3hpc2bm\/\" \/>\n<meta name=\"twitter:label1\" content=\"Szacowany czas czytania\" \/>\n\t<meta name=\"twitter:data1\" content=\"1 minuta\" \/>\n<script type=\"application\/ld+json\" class=\"yoast-schema-graph\">{\"@context\":\"https:\/\/schema.org\",\"@graph\":[{\"@type\":\"WebPage\",\"@id\":\"https:\/\/www.fabrykachlodu.pl\/sklep\/produkt\/dla-polaczen-31-wszystkie-wielkosci-sku-cz-p3hpc2bm\/\",\"url\":\"https:\/\/www.fabrykachlodu.pl\/sklep\/produkt\/dla-polaczen-31-wszystkie-wielkosci-sku-cz-p3hpc2bm\/\",\"name\":\"Dla po\u0142\u0105cze\u0144 3:1 (wszystkie wielko\u015bci) SKU CZ-P3HPC2BM\",\"isPartOf\":{\"@id\":\"https:\/\/www.fabrykachlodu.pl\/sklep\/#website\"},\"datePublished\":\"2023-05-16T07:04:16+00:00\",\"dateModified\":\"2023-05-16T07:04:27+00:00\",\"description\":\"Dla po\u0142\u0105cze\u0144 3:1 (wszystkie wielko\u015bci) SKU CZ-P3HPC2BM\",\"breadcrumb\":{\"@id\":\"https:\/\/www.fabrykachlodu.pl\/sklep\/produkt\/dla-polaczen-31-wszystkie-wielkosci-sku-cz-p3hpc2bm\/#breadcrumb\"},\"inLanguage\":\"pl-PL\",\"potentialAction\":[{\"@type\":\"ReadAction\",\"target\":[\"https:\/\/www.fabrykachlodu.pl\/sklep\/produkt\/dla-polaczen-31-wszystkie-wielkosci-sku-cz-p3hpc2bm\/\"]}]},{\"@type\":\"BreadcrumbList\",\"@id\":\"https:\/\/www.fabrykachlodu.pl\/sklep\/produkt\/dla-polaczen-31-wszystkie-wielkosci-sku-cz-p3hpc2bm\/#breadcrumb\",\"itemListElement\":[{\"@type\":\"ListItem\",\"position\":1,\"name\":\"Strona g\u0142\u00f3wna\",\"item\":\"https:\/\/www.fabrykachlodu.pl\/sklep\/\"},{\"@type\":\"ListItem\",\"position\":2,\"name\":\"Szukasz klimatzyacji biurowej sklepowej lub do mieszkania?\",\"item\":\"https:\/\/www.fabrykachlodu.pl\/sklep\/\"},{\"@type\":\"ListItem\",\"position\":3,\"name\":\"Dla po\u0142\u0105cze\u0144 3:1 (wszystkie wielko\u015bci) SKU CZ-P3HPC2BM\"}]},{\"@type\":\"WebSite\",\"@id\":\"https:\/\/www.fabrykachlodu.pl\/sklep\/#website\",\"url\":\"https:\/\/www.fabrykachlodu.pl\/sklep\/\",\"name\":\"\u00b0FC Sklep Internetowy monta\u017c klimatyzacji pomp ciep\u0142a\",\"description\":\"\u00b0FC monta\u017c klimatyzacji pomp ciep\u0142a z nami to szybki i tani wyb\u00f3r.  Us\u0142ugi monta\u017cowe i serwisowe W Warszawie i okolicach..\",\"potentialAction\":[{\"@type\":\"SearchAction\",\"target\":{\"@type\":\"EntryPoint\",\"urlTemplate\":\"https:\/\/www.fabrykachlodu.pl\/sklep\/?s={search_term_string}\"},\"query-input\":\"required name=search_term_string\"}],\"inLanguage\":\"pl-PL\"}]}<\/script>\n<!-- \/ Yoast SEO plugin. -->","yoast_head_json":{"title":"Dla po\u0142\u0105cze\u0144 3:1 (wszystkie wielko\u015bci) SKU CZ-P3HPC2BM","description":"Dla po\u0142\u0105cze\u0144 3:1 (wszystkie wielko\u015bci) SKU CZ-P3HPC2BM","robots":{"index":"index","follow":"follow","max-snippet":"max-snippet:-1","max-image-preview":"max-image-preview:large","max-video-preview":"max-video-preview:-1"},"canonical":"https:\/\/www.fabrykachlodu.pl\/sklep\/produkt\/dla-polaczen-31-wszystkie-wielkosci-sku-cz-p3hpc2bm\/","twitter_misc":{"Szacowany czas czytania":"1 minuta"},"schema":{"@context":"https:\/\/schema.org","@graph":[{"@type":"WebPage","@id":"https:\/\/www.fabrykachlodu.pl\/sklep\/produkt\/dla-polaczen-31-wszystkie-wielkosci-sku-cz-p3hpc2bm\/","url":"https:\/\/www.fabrykachlodu.pl\/sklep\/produkt\/dla-polaczen-31-wszystkie-wielkosci-sku-cz-p3hpc2bm\/","name":"Dla po\u0142\u0105cze\u0144 3:1 (wszystkie wielko\u015bci) SKU CZ-P3HPC2BM","isPartOf":{"@id":"https:\/\/www.fabrykachlodu.pl\/sklep\/#website"},"datePublished":"2023-05-16T07:04:16+00:00","dateModified":"2023-05-16T07:04:27+00:00","description":"Dla po\u0142\u0105cze\u0144 3:1 (wszystkie wielko\u015bci) SKU CZ-P3HPC2BM","breadcrumb":{"@id":"https:\/\/www.fabrykachlodu.pl\/sklep\/produkt\/dla-polaczen-31-wszystkie-wielkosci-sku-cz-p3hpc2bm\/#breadcrumb"},"inLanguage":"pl-PL","potentialAction":[{"@type":"ReadAction","target":["https:\/\/www.fabrykachlodu.pl\/sklep\/produkt\/dla-polaczen-31-wszystkie-wielkosci-sku-cz-p3hpc2bm\/"]}]},{"@type":"BreadcrumbList","@id":"https:\/\/www.fabrykachlodu.pl\/sklep\/produkt\/dla-polaczen-31-wszystkie-wielkosci-sku-cz-p3hpc2bm\/#breadcrumb","itemListElement":[{"@type":"ListItem","position":1,"name":"Strona g\u0142\u00f3wna","item":"https:\/\/www.fabrykachlodu.pl\/sklep\/"},{"@type":"ListItem","position":2,"name":"Szukasz klimatzyacji biurowej sklepowej lub do mieszkania?","item":"https:\/\/www.fabrykachlodu.pl\/sklep\/"},{"@type":"ListItem","position":3,"name":"Dla po\u0142\u0105cze\u0144 3:1 (wszystkie wielko\u015bci) SKU CZ-P3HPC2BM"}]},{"@type":"WebSite","@id":"https:\/\/www.fabrykachlodu.pl\/sklep\/#website","url":"https:\/\/www.fabrykachlodu.pl\/sklep\/","name":"\u00b0FC Sklep Internetowy monta\u017c klimatyzacji pomp ciep\u0142a","description":"\u00b0FC monta\u017c klimatyzacji pomp ciep\u0142a z nami to szybki i tani wyb\u00f3r.  Us\u0142ugi monta\u017cowe i serwisowe W Warszawie i okolicach..","potentialAction":[{"@type":"SearchAction","target":{"@type":"EntryPoint","urlTemplate":"https:\/\/www.fabrykachlodu.pl\/sklep\/?s={search_term_string}"},"query-input":"required name=search_term_string"}],"inLanguage":"pl-PL"}]}},"_links":{"self":[{"href":"https:\/\/www.fabrykachlodu.pl\/sklep\/wp-json\/wp\/v2\/product\/91378"}],"collection":[{"href":"https:\/\/www.fabrykachlodu.pl\/sklep\/wp-json\/wp\/v2\/product"}],"about":[{"href":"https:\/\/www.fabrykachlodu.pl\/sklep\/wp-json\/wp\/v2\/types\/product"}],"wp:featuredmedia":[{"embeddable":true,"href":"https:\/\/www.fabrykachlodu.pl\/sklep\/wp-json\/wp\/v2\/media\/89915"}],"wp:attachment":[{"href":"https:\/\/www.fabrykachlodu.pl\/sklep\/wp-json\/wp\/v2\/media?parent=91378"}],"wp:term":[{"taxonomy":"product_cat","embeddable":true,"href":"https:\/\/www.fabrykachlodu.pl\/sklep\/wp-json\/wp\/v2\/product_cat?post=91378"},{"taxonomy":"product_tag","embeddable":true,"href":"https:\/\/www.fabrykachlodu.pl\/sklep\/wp-json\/wp\/v2\/product_tag?post=91378"}],"curies":[{"name":"wp","href":"https:\/\/api.w.org\/{rel}","templated":true}]}}