{"id":91380,"date":"2023-05-16T09:04:28","date_gmt":"2023-05-16T07:04:28","guid":{"rendered":"https:\/\/www.fabrykachlodu.pl\/sklep\/?post_type=product&#038;p=91380"},"modified":"2023-05-16T09:04:30","modified_gmt":"2023-05-16T07:04:30","slug":"interfejs-modbus-sku-paw-rc2-mbs-1","status":"publish","type":"product","link":"https:\/\/www.fabrykachlodu.pl\/sklep\/produkt\/interfejs-modbus-sku-paw-rc2-mbs-1\/","title":{"rendered":"Interfejs ModBus SKU PAW-RC2-MBS-1"},"content":{"rendered":"<br \/>\n<h2>Zam\u00f3wienie dotyczy:  Interfejs ModBus SKU PAW-RC2-MBS-1Opis Interfejs ModBus Cena katalogowa PLN 1790   <\/h2>\n<p><h3><strong>W jednym miejscu poznasz:<\/strong><\/h3>\n<p> Najwa\u017cniejsze funkcje<br \/> Por\u00f3wnasz produkty<br \/> Poznasz parametry techniczne<br \/> Poznasz cen\u0119 i zrealizujesz zam\u00f3wienie<br \/> Otrzymasz ofert\u0119 zakupu ratalnego lub leasingu<br \/><strong><\/p>\n<h3>Czy wiesz, \u017ce:<\/strong><\/h3>\n<p>0<strong><\/p>\n<h3>Zlecaj\u0105c nam monta\u017c otrzymasz:<\/strong><\/h3>\n<p>  Interfejs ModBus SKU PAW-RC2-MBS-1 z rabatem kupuj\u0105c w naszym sklepie online lub wybieraj\u0105c monta\u017c <br \/> Gwarancje <br \/> Kompletne pod\u0142\u0105czenie elektryczne oraz hydrauliczne<br \/> Interfejs ModBus SKU PAW-RC2-MBS-1 z rabatem kupuj\u0105c w naszym sklepie online lub wybieraj\u0105c monta\u017c <br \/> Gwarancje <br \/> Kompletne pod\u0142\u0105czenie elektryczne oraz hydrauliczne<br \/>0Komunikacja KNX Modbus* Venocearr PAW odnosi si\u0119 do funkcji lub mo\u017cliwo\u015bci komunikacyjnych oferowanych przez firm\u0119 Panasonic w niekt\u00f3rych urz\u0105dzeniach lub systemach zwi\u0105zanych z automatyk\u0105 budynkow\u0105.<\/p>\n<p>KNX (znane r\u00f3wnie\u017c jako EIB &#8211; Europejska Instalacja Budynkowa) jest otwartym standardem komunikacji w automatyce budynkowej, kt\u00f3ry umo\u017cliwia integracj\u0119 r\u00f3\u017cnych urz\u0105dze\u0144 i system\u00f3w w budynku. Jest to mi\u0119dzynarodowy standard, kt\u00f3ry obejmuje protoko\u0142y komunikacyjne, topologi\u0119 sieci oraz definicje urz\u0105dze\u0144.<\/p>\n<p>Modbus jest innym popularnym protoko\u0142em komunikacyjnym w automatyce przemys\u0142owej i budynkowej. Pozwala na komunikacj\u0119 mi\u0119dzy r\u00f3\u017cnymi urz\u0105dzeniami, takimi jak sterowniki, czujniki, panele operatorskie itp.<\/p>\n<p>Komunikacja KNX Modbus* Venocearr PAW wskazuje na to, \u017ce urz\u0105dzenia Panasonic oferuj\u0105 mo\u017cliwo\u015b\u0107 jednoczesnego wykorzystywania zar\u00f3wno protoko\u0142u KNX, jak i Modbus. Dzi\u0119ki temu mo\u017cna \u0142atwo integrowa\u0107 urz\u0105dzenia Panasonic z innymi urz\u0105dzeniami i systemami, kt\u00f3re wykorzystuj\u0105 jeden z tych protoko\u0142\u00f3w. Jest to szczeg\u00f3lnie przydatne w przypadku budynk\u00f3w, gdzie r\u00f3\u017cne systemy wymagaj\u0105 wsp\u00f3\u0142pracy i wymiany informacji.<\/p>\n<p>Warto zauwa\u017cy\u0107, \u017ce specyfikacje i funkcje konkretnego urz\u0105dzenia lub systemu PAW oferowanego przez Panasonic mog\u0105 si\u0119 r\u00f3\u017cni\u0107. Dok\u0142adne informacje na temat funkcji komunikacyjnych mo\u017cna znale\u017a\u0107 w dokumentacji technicznej lub instrukcji obs\u0142ugi danego produktu.<\/p>\n","protected":false},"excerpt":{"rendered":"<p><span style=\"color: #000000;\"><strong>Najwa\u017cniejsze zalety<\/strong><\/span>[dt_list style=\"1\" bullet_position=\"middle\" dividers=\"true\"][dt_list style=\"1\" bullet_position=\"middle\" dividers=\"true\"][dt_list_item image=\"\"]KNX (znane r\u00f3wnie\u017c jako EIB &#8211; Europejska Instalacja Budynkowa) jest otwartym standardem komunikacji w automatyce budynkowej, kt\u00f3ry umo\u017cliwia integracj\u0119 r\u00f3\u017cnych urz\u0105dze\u0144 i system\u00f3w w budynku.[\/dt_list_item][dt_list_item image=\"\"]Modbus jest innym popularnym protoko\u0142em komunikacyjnym w automatyce przemys\u0142owej i budynkowej. Pozwala na komunikacj\u0119 mi\u0119dzy r\u00f3\u017cnymi urz\u0105dzeniami, takimi jak sterowniki, czujniki, panele operatorskie itp.[\/dt_list_item][dt_list_item image=\"\"] Dzi\u0119ki niemu mo\u017cna \u0142atwo integrowa\u0107 urz\u0105dzenia Panasonic z innymi urz\u0105dzeniami i systemami, kt\u00f3re wykorzystuj\u0105 jeden z tych protoko\u0142\u00f3w.[\/dt_list_item][dt_list_item image=\"\"] Cz\u0119\u015bci zamienne, akcesoria[\/dt_list_item][\/dt_list]<\/p>\n","protected":false},"featured_media":89887,"template":"","meta":[],"product_cat":[7307,401,189],"product_tag":[5320,6387],"yoast_head":"<!-- This site is optimized with the Yoast SEO plugin v22.1 - https:\/\/yoast.com\/wordpress\/plugins\/seo\/ -->\n<title>Interfejs ModBus SKU PAW-RC2-MBS-1<\/title>\n<meta name=\"description\" content=\"Interfejs ModBus SKU PAW-RC2-MBS-1\" \/>\n<meta name=\"robots\" content=\"index, follow, max-snippet:-1, max-image-preview:large, max-video-preview:-1\" \/>\n<link rel=\"canonical\" href=\"https:\/\/www.fabrykachlodu.pl\/sklep\/produkt\/interfejs-modbus-sku-paw-rc2-mbs-1\/\" \/>\n<meta name=\"twitter:label1\" content=\"Szacowany czas czytania\" \/>\n\t<meta name=\"twitter:data1\" content=\"2 minuty\" \/>\n<script type=\"application\/ld+json\" class=\"yoast-schema-graph\">{\"@context\":\"https:\/\/schema.org\",\"@graph\":[{\"@type\":\"WebPage\",\"@id\":\"https:\/\/www.fabrykachlodu.pl\/sklep\/produkt\/interfejs-modbus-sku-paw-rc2-mbs-1\/\",\"url\":\"https:\/\/www.fabrykachlodu.pl\/sklep\/produkt\/interfejs-modbus-sku-paw-rc2-mbs-1\/\",\"name\":\"Interfejs ModBus SKU PAW-RC2-MBS-1\",\"isPartOf\":{\"@id\":\"https:\/\/www.fabrykachlodu.pl\/sklep\/#website\"},\"datePublished\":\"2023-05-16T07:04:28+00:00\",\"dateModified\":\"2023-05-16T07:04:30+00:00\",\"description\":\"Interfejs ModBus SKU PAW-RC2-MBS-1\",\"breadcrumb\":{\"@id\":\"https:\/\/www.fabrykachlodu.pl\/sklep\/produkt\/interfejs-modbus-sku-paw-rc2-mbs-1\/#breadcrumb\"},\"inLanguage\":\"pl-PL\",\"potentialAction\":[{\"@type\":\"ReadAction\",\"target\":[\"https:\/\/www.fabrykachlodu.pl\/sklep\/produkt\/interfejs-modbus-sku-paw-rc2-mbs-1\/\"]}]},{\"@type\":\"BreadcrumbList\",\"@id\":\"https:\/\/www.fabrykachlodu.pl\/sklep\/produkt\/interfejs-modbus-sku-paw-rc2-mbs-1\/#breadcrumb\",\"itemListElement\":[{\"@type\":\"ListItem\",\"position\":1,\"name\":\"Strona g\u0142\u00f3wna\",\"item\":\"https:\/\/www.fabrykachlodu.pl\/sklep\/\"},{\"@type\":\"ListItem\",\"position\":2,\"name\":\"Szukasz klimatzyacji biurowej sklepowej lub do mieszkania?\",\"item\":\"https:\/\/www.fabrykachlodu.pl\/sklep\/\"},{\"@type\":\"ListItem\",\"position\":3,\"name\":\"Interfejs ModBus SKU PAW-RC2-MBS-1\"}]},{\"@type\":\"WebSite\",\"@id\":\"https:\/\/www.fabrykachlodu.pl\/sklep\/#website\",\"url\":\"https:\/\/www.fabrykachlodu.pl\/sklep\/\",\"name\":\"\u00b0FC Sklep Internetowy monta\u017c klimatyzacji pomp ciep\u0142a\",\"description\":\"\u00b0FC monta\u017c klimatyzacji pomp ciep\u0142a z nami to szybki i tani wyb\u00f3r.  Us\u0142ugi monta\u017cowe i serwisowe W Warszawie i okolicach..\",\"potentialAction\":[{\"@type\":\"SearchAction\",\"target\":{\"@type\":\"EntryPoint\",\"urlTemplate\":\"https:\/\/www.fabrykachlodu.pl\/sklep\/?s={search_term_string}\"},\"query-input\":\"required name=search_term_string\"}],\"inLanguage\":\"pl-PL\"}]}<\/script>\n<!-- \/ Yoast SEO plugin. -->","yoast_head_json":{"title":"Interfejs ModBus SKU PAW-RC2-MBS-1","description":"Interfejs ModBus SKU PAW-RC2-MBS-1","robots":{"index":"index","follow":"follow","max-snippet":"max-snippet:-1","max-image-preview":"max-image-preview:large","max-video-preview":"max-video-preview:-1"},"canonical":"https:\/\/www.fabrykachlodu.pl\/sklep\/produkt\/interfejs-modbus-sku-paw-rc2-mbs-1\/","twitter_misc":{"Szacowany czas czytania":"2 minuty"},"schema":{"@context":"https:\/\/schema.org","@graph":[{"@type":"WebPage","@id":"https:\/\/www.fabrykachlodu.pl\/sklep\/produkt\/interfejs-modbus-sku-paw-rc2-mbs-1\/","url":"https:\/\/www.fabrykachlodu.pl\/sklep\/produkt\/interfejs-modbus-sku-paw-rc2-mbs-1\/","name":"Interfejs ModBus SKU PAW-RC2-MBS-1","isPartOf":{"@id":"https:\/\/www.fabrykachlodu.pl\/sklep\/#website"},"datePublished":"2023-05-16T07:04:28+00:00","dateModified":"2023-05-16T07:04:30+00:00","description":"Interfejs ModBus SKU PAW-RC2-MBS-1","breadcrumb":{"@id":"https:\/\/www.fabrykachlodu.pl\/sklep\/produkt\/interfejs-modbus-sku-paw-rc2-mbs-1\/#breadcrumb"},"inLanguage":"pl-PL","potentialAction":[{"@type":"ReadAction","target":["https:\/\/www.fabrykachlodu.pl\/sklep\/produkt\/interfejs-modbus-sku-paw-rc2-mbs-1\/"]}]},{"@type":"BreadcrumbList","@id":"https:\/\/www.fabrykachlodu.pl\/sklep\/produkt\/interfejs-modbus-sku-paw-rc2-mbs-1\/#breadcrumb","itemListElement":[{"@type":"ListItem","position":1,"name":"Strona g\u0142\u00f3wna","item":"https:\/\/www.fabrykachlodu.pl\/sklep\/"},{"@type":"ListItem","position":2,"name":"Szukasz klimatzyacji biurowej sklepowej lub do mieszkania?","item":"https:\/\/www.fabrykachlodu.pl\/sklep\/"},{"@type":"ListItem","position":3,"name":"Interfejs ModBus SKU PAW-RC2-MBS-1"}]},{"@type":"WebSite","@id":"https:\/\/www.fabrykachlodu.pl\/sklep\/#website","url":"https:\/\/www.fabrykachlodu.pl\/sklep\/","name":"\u00b0FC Sklep Internetowy monta\u017c klimatyzacji pomp ciep\u0142a","description":"\u00b0FC monta\u017c klimatyzacji pomp ciep\u0142a z nami to szybki i tani wyb\u00f3r.  Us\u0142ugi monta\u017cowe i serwisowe W Warszawie i okolicach..","potentialAction":[{"@type":"SearchAction","target":{"@type":"EntryPoint","urlTemplate":"https:\/\/www.fabrykachlodu.pl\/sklep\/?s={search_term_string}"},"query-input":"required name=search_term_string"}],"inLanguage":"pl-PL"}]}},"_links":{"self":[{"href":"https:\/\/www.fabrykachlodu.pl\/sklep\/wp-json\/wp\/v2\/product\/91380"}],"collection":[{"href":"https:\/\/www.fabrykachlodu.pl\/sklep\/wp-json\/wp\/v2\/product"}],"about":[{"href":"https:\/\/www.fabrykachlodu.pl\/sklep\/wp-json\/wp\/v2\/types\/product"}],"wp:featuredmedia":[{"embeddable":true,"href":"https:\/\/www.fabrykachlodu.pl\/sklep\/wp-json\/wp\/v2\/media\/89887"}],"wp:attachment":[{"href":"https:\/\/www.fabrykachlodu.pl\/sklep\/wp-json\/wp\/v2\/media?parent=91380"}],"wp:term":[{"taxonomy":"product_cat","embeddable":true,"href":"https:\/\/www.fabrykachlodu.pl\/sklep\/wp-json\/wp\/v2\/product_cat?post=91380"},{"taxonomy":"product_tag","embeddable":true,"href":"https:\/\/www.fabrykachlodu.pl\/sklep\/wp-json\/wp\/v2\/product_tag?post=91380"}],"curies":[{"name":"wp","href":"https:\/\/api.w.org\/{rel}","templated":true}]}}